{"id":10,"date":"2026-05-15T03:53:47","date_gmt":"2026-05-15T03:53:47","guid":{"rendered":"https:\/\/ounil.com\/?page_id=10"},"modified":"2026-05-15T03:53:47","modified_gmt":"2026-05-15T03:53:47","slug":"minha-conta","status":"publish","type":"page","link":"https:\/\/ounil.com\/?page_id=10","title":{"rendered":"A minha conta"},"content":{"rendered":"<div class=\"woocommerce\"><div class=\"woocommerce-notices-wrapper\"><\/div>\n<div class=\"wd-registration-page wd-register-tabs\">\n\n\n<div class=\"wd-grid-f-col\" id=\"customer_login\">\n\n\t<div class=\"wd-col col-login\">\n\n\n\t\t<h2 class=\"wd-login-title\">Iniciar sess\u00e3o<\/h2>\n\n\t\t\t\t\t<form method=\"post\" class=\"login woocommerce-form woocommerce-form-login\" action=\"https:\/\/ounil.com\/?page_id=10&#038;action=login\">\n\n\t\t\t\t\n\t\t\t\t\n\t\t\t\t<p class=\"woocommerce-FormRow woocommerce-FormRow--wide form-row form-row-wide form-row-username\">\n\t\t\t\t\t<label for=\"username\">Nome de utilizador ou email&nbsp;<span class=\"required\" aria-hidden=\"true\">*<\/span><span class=\"screen-reader-text\">Obrigat\u00f3rio<\/span><\/label>\n\t\t\t\t\t<input type=\"text\" class=\"woocommerce-Input woocommerce-Input--text input-text\" name=\"username\" id=\"username\" autocomplete=\"username\" value=\"\" \/>\t\t\t\t<\/p>\n\t\t\t\t<p class=\"woocommerce-FormRow woocommerce-FormRow--wide form-row form-row-wide form-row-password\">\n\t\t\t\t\t<label for=\"password\">Password&nbsp;<span class=\"required\" aria-hidden=\"true\">*<\/span><span class=\"screen-reader-text\">Obrigat\u00f3rio<\/span><\/label>\n\t\t\t\t\t<input class=\"woocommerce-Input woocommerce-Input--text input-text\" type=\"password\" name=\"password\" id=\"password\" autocomplete=\"current-password\" \/>\n\t\t\t\t<\/p>\n\n\t\t\t\t\n\t\t\t\t<p class=\"form-row form-row-btn\">\n\t\t\t\t\t<input type=\"hidden\" id=\"woocommerce-login-nonce\" name=\"woocommerce-login-nonce\" value=\"c7dcaaab3e\" \/><input type=\"hidden\" name=\"_wp_http_referer\" value=\"\/index.php?rest_route=%2Fwp%2Fv2%2Fpages%2F10\" \/>\t\t\t\t\t\t\t\t\t\t<button type=\"submit\" class=\"button btn btn-accent woocommerce-button woocommerce-form-login__submit\" name=\"login\" value=\"Log in\">Log in<\/button>\n\t\t\t\t<\/p>\n\n\t\t\t\t<p class=\"login-form-footer\">\n\t\t\t\t\t<a href=\"https:\/\/ounil.com\/?page_id=10&#038;lost-password\" class=\"woocommerce-LostPassword lost_password\">Lost your password?<\/a>\n\t\t\t\t\t<label class=\"woocommerce-form__label woocommerce-form__label-for-checkbox woocommerce-form-login__rememberme\">\n\t\t\t\t\t\t<input class=\"woocommerce-form__input woocommerce-form__input-checkbox\" name=\"rememberme\" type=\"checkbox\" value=\"forever\" title=\"Remember me\" aria-label=\"Remember me\" \/> <span>Remember me<\/span>\n\t\t\t\t\t<\/label>\n\t\t\t\t<\/p>\n\n\t\t\t\t\n\t\t\t\t\t\t\t<\/form>\n\n\t\t\n\n\t<\/div>\n\n\t<div class=\"wd-col col-register\">\n\n\t\t<h2 class=\"wd-login-title\">Registar nova conta<\/h2>\n\n\t\t\t\t<form method=\"post\" action=\"https:\/\/ounil.com\/?page_id=10&#038;action=register\" class=\"woocommerce-form woocommerce-form-register register\"  >\n\t\t\n\t\t\t\t\t\n\t\t\t\t\t\n\t\t\t<p class=\"woocommerce-form-row woocommerce-form-row--wide form-row form-row-wide\">\n\t\t\t\t<label for=\"reg_email\">Endere\u00e7o de email&nbsp;<span class=\"required\" aria-hidden=\"true\">*<\/span><span class=\"screen-reader-text\">Obrigat\u00f3rio<\/span><\/label>\n\t\t\t\t<input type=\"email\" class=\"woocommerce-Input woocommerce-Input--text input-text\" name=\"email\" id=\"reg_email\" autocomplete=\"email\" value=\"\" \/>\t\t\t<\/p>\n\t\t\n\t\t\t\t\t\n\t\t\t\t<p>A liga\u00e7\u00e3o para definir uma nova senha ser\u00e1 enviada para o seu endere\u00e7o de email.<\/p>\n\t\t\n\t\t\t\t\t\n\t\t\t<div style=\"left: -999em; position: absolute;\"><label for=\"trap\">Anti-spam<\/label><input type=\"text\" name=\"email_2\" id=\"trap\" tabindex=\"-1\" \/><\/div>\n\t\t\n\t\t\t\n<div class=\"show_if_seller\" style=\"display:none\">\n\n    <div class=\"split-row form-row-wide\">\n        <p class=\"form-row form-group\">\n            <label for=\"first-name\">First Name <span class=\"required\">*<\/span><\/label>\n            <input type=\"text\" class=\"input-text form-control\" name=\"fname\" id=\"first-name\" value=\"\" required=\"required\" \/>\n        <\/p>\n\n        <p class=\"form-row form-group\">\n            <label for=\"last-name\">Last Name <span class=\"required\">*<\/span><\/label>\n            <input type=\"text\" class=\"input-text form-control\" name=\"lname\" id=\"last-name\" value=\"\" required=\"required\" \/>\n        <\/p>\n    <\/div>\n\n    <p class=\"form-row form-group form-row-wide\">\n        <label for=\"company-name\">Shop Name <span class=\"required\">*<\/span><\/label>\n        <input type=\"text\" class=\"input-text form-control\" name=\"shopname\" id=\"company-name\" value=\"\" required=\"required\" \/>\n    <\/p>\n\n    <p class=\"form-row form-group form-row-wide\">\n        <label for=\"seller-url\" class=\"pull-left\">Shop URL <span class=\"required\">*<\/span><\/label>\n        <strong id=\"url-alart-mgs\" class=\"pull-right\"><\/strong>\n        <input type=\"text\" class=\"input-text form-control\" name=\"shopurl\" id=\"seller-url\" value=\"\" required=\"required\" \/>\n        <small>https:\/\/ounil.com\/store\/<strong id=\"url-alart\"><\/strong><\/small>\n    <\/p>\n\n    \n    <p class=\"form-row form-group form-row-wide\">\n        <label for=\"shop-phone\">Phone Number<span class=\"required\">*<\/span><\/label>\n        <input type=\"text\" class=\"input-text form-control\" name=\"phone\" id=\"shop-phone\" value=\"\" required=\"required\" \/>\n    <\/p>\n\n    <\/div>\n\n\n<p class=\"form-row form-group user-role vendor-customer-registration\">\n            <label class=\"radio\">\n            <input type=\"radio\" name=\"role\" value=\"customer\" checked='checked' class=\"dokan-role-customer\">\n            I am a customer        <\/label>\n        <br\/>\n        <label class=\"radio\">\n            <input type=\"radio\" name=\"role\" value=\"seller\" class=\"dokan-role-seller\">\n            I am a vendor        <\/label>\n        <\/p>\n<wc-order-attribution-inputs><\/wc-order-attribution-inputs><div class=\"woocommerce-privacy-policy-text\"><p>Os seus dados pessoais ser\u00e3o utilizados para melhorar a sua experi\u00eancia por toda a loja, para gerir o acesso \u00e0 sua conta e para os prop\u00f3sitos descritos na nossa <a href=\"https:\/\/ounil.com\/?page_id=3\" class=\"woocommerce-privacy-policy-link\" target=\"_blank\">pol\u00edtica de privacidade<\/a>.<\/p>\n<\/div>\t\t\n\t\t\t<p class=\"woocommerce-form-row form-row form-row-btn\">\n\t\t\t\t<input type=\"hidden\" id=\"woocommerce-register-nonce\" name=\"woocommerce-register-nonce\" value=\"e9dd15fef1\" \/><input type=\"hidden\" name=\"_wp_http_referer\" value=\"\/index.php?rest_route=%2Fwp%2Fv2%2Fpages%2F10\" \/>\t\t\t\t<button type=\"submit\" class=\"woocommerce-Button woocommerce-button btn btn-accent button\" name=\"register\" value=\"Registar nova conta\">Registar nova conta<\/button>\n\t\t\t<\/p>\n\t\t\n\t\t\t\t\t\n\t\t<\/form>\n\t\t\n\t<\/div>\n\n\t\t\t<div class=\"wd-col col-register-text\">\n\n\t\t\t<p class=\"title wd-login-divider\"><span>Or<\/span><\/p>\n\n\t\t\t\n\t\t\t\t\t\t\t<h2 class=\"wd-login-title\">Register<\/h2>\n\t\t\t\n\t\t\t\n\t\t\t\t\t\t\t<div class=\"registration-info\">Registering for this site allows you to access your order status and history. Just fill in the fields below, and we'll get a new account set up for you in no time. We will only ask you for information necessary to make the purchase process faster and easier.<\/div>\n\t\t\t\n\t\t\t\n\t\t\t<a href=\"#\" rel=\"nofollow noopener\" class=\"btn btn-default wd-switch-to-register\" data-login=\"Iniciar sess\u00e3o\" data-login-title=\"Login\" data-reg-title=\"Register\" data-register=\"Registar nova conta\">Registar nova conta<\/a>\n\n\t\t<\/div>\n\t\n<\/div>\n\n<\/div>\n\n<\/div>\n","protected":false},"excerpt":{"rendered":"","protected":false},"author":1,"featured_media":0,"parent":0,"menu_order":0,"comment_status":"closed","ping_status":"closed","template":"","meta":{"footnotes":""},"class_list":["post-10","page","type-page","status-publish","hentry"],"_links":{"self":[{"href":"https:\/\/ounil.com\/index.php?rest_route=\/wp\/v2\/pages\/10","targetHints":{"allow":["GET"]}}],"collection":[{"href":"https:\/\/ounil.com\/index.php?rest_route=\/wp\/v2\/pages"}],"about":[{"href":"https:\/\/ounil.com\/index.php?rest_route=\/wp\/v2\/types\/page"}],"author":[{"embeddable":true,"href":"https:\/\/ounil.com\/index.php?rest_route=\/wp\/v2\/users\/1"}],"replies":[{"embeddable":true,"href":"https:\/\/ounil.com\/index.php?rest_route=%2Fwp%2Fv2%2Fcomments&post=10"}],"version-history":[{"count":0,"href":"https:\/\/ounil.com\/index.php?rest_route=\/wp\/v2\/pages\/10\/revisions"}],"wp:attachment":[{"href":"https:\/\/ounil.com\/index.php?rest_route=%2Fwp%2Fv2%2Fmedia&parent=10"}],"curies":[{"name":"wp","href":"https:\/\/api.w.org\/{rel}","templated":true}]}}